{"id":32,"date":"2017-02-15T22:15:32","date_gmt":"2017-02-15T21:15:32","guid":{"rendered":"http:\/\/lehuit.com\/wp8\/?page_id=32"},"modified":"2017-09-07T14:13:24","modified_gmt":"2017-09-07T12:13:24","slug":"bureau","status":"publish","type":"page","link":"http:\/\/lehuit.com\/wp8\/le-huit\/bureau\/","title":{"rendered":"Bureau"},"content":{"rendered":"<p align=\"center\"><span style=\"font-family: Verdana, Arial, Helvetica, sans-serif; font-size: small;\"><br \/>\nBureau 2016-2018 : <\/span><\/p>\n<p align=\"center\">R\u00f4les :<br \/>\nPr\u00e9sident : Arnaud Jean Marc<br \/>\nVice Pr\u00e9sident : Chevrolet Patrick<br \/>\nSecr\u00e9taire : Chassard J\u00e9r\u00f4me<br \/>\nVice secr\u00e9taire : Arnaud Sylvie<br \/>\nTr\u00e9sori\u00e8re : Magnoac Josie<br \/>\nVice Tr\u00e9sorier : Joanny Suzette<\/p>\n<div align=\"center\"><\/div>\n<div align=\"center\"><span style=\"font-family: Verdana, Arial, Helvetica, sans-serif; font-size: small;\">Responsable section Aveyron : Joanny Suzette<br \/>\nResponsable section Paris : Auvray Georges<\/span><\/div>\n","protected":false},"excerpt":{"rendered":"<p>Bureau 2016-2018 : R\u00f4les : Pr\u00e9sident : Arnaud Jean Marc Vice Pr\u00e9sident : Chevrolet Patrick Secr\u00e9taire : Chassard J\u00e9r\u00f4me Vice secr\u00e9taire : Arnaud Sylvie Tr\u00e9sori\u00e8re : Magnoac Josie Vice Tr\u00e9sorier [&hellip;]<\/p>\n","protected":false},"author":1,"featured_media":0,"parent":13,"menu_order":2,"comment_status":"closed","ping_status":"closed","template":"","meta":{"_acf_changed":false,"_crdt_document":"","jetpack_post_was_ever_published":false,"footnotes":""},"class_list":["post-32","page","type-page","status-publish","hentry"],"blocksy_meta":[],"acf":[],"jetpack_sharing_enabled":true,"jetpack_shortlink":"https:\/\/wp.me\/P8plgw-w","_links":{"self":[{"href":"http:\/\/lehuit.com\/wp8\/wp-json\/wp\/v2\/pages\/32","targetHints":{"allow":["GET"]}}],"collection":[{"href":"http:\/\/lehuit.com\/wp8\/wp-json\/wp\/v2\/pages"}],"about":[{"href":"http:\/\/lehuit.com\/wp8\/wp-json\/wp\/v2\/types\/page"}],"author":[{"embeddable":true,"href":"http:\/\/lehuit.com\/wp8\/wp-json\/wp\/v2\/users\/1"}],"replies":[{"embeddable":true,"href":"http:\/\/lehuit.com\/wp8\/wp-json\/wp\/v2\/comments?post=32"}],"version-history":[{"count":5,"href":"http:\/\/lehuit.com\/wp8\/wp-json\/wp\/v2\/pages\/32\/revisions"}],"predecessor-version":[{"id":153,"href":"http:\/\/lehuit.com\/wp8\/wp-json\/wp\/v2\/pages\/32\/revisions\/153"}],"up":[{"embeddable":true,"href":"http:\/\/lehuit.com\/wp8\/wp-json\/wp\/v2\/pages\/13"}],"wp:attachment":[{"href":"http:\/\/lehuit.com\/wp8\/wp-json\/wp\/v2\/media?parent=32"}],"curies":[{"name":"wp","href":"https:\/\/api.w.org\/{rel}","templated":true}]}}