{"id":44,"date":"2017-02-16T13:55:06","date_gmt":"2017-02-16T12:55:06","guid":{"rendered":"http:\/\/lehuit.com\/wp8\/?page_id=44"},"modified":"2025-12-14T22:14:47","modified_gmt":"2025-12-14T21:14:47","slug":"adhesion","status":"publish","type":"page","link":"http:\/\/lehuit.com\/wp8\/le-huit\/adhesion\/","title":{"rendered":"Adh\u00e9sion"},"content":{"rendered":"<p>L&rsquo;adh\u00e9sion \u00e0 l&rsquo;association pour un an vous co\u00fbtera la somme de 30 euros pour une adh\u00e9sion simple, 20 euros pour une adh\u00e9sion \u00e9tudiant et 50 euros pour une adh\u00e9sion couple. Cet argent sert \u00e0 financer tifos, achats de tambours, tissus pour les banderoles, combler les fra\u00ees des d\u00e9placements, organisation de soir\u00e9es, &#8230; Bref, tout ce qui nous est n\u00e9cessaire pour animer notre virage.<\/p>\n<p>Il ne tient qu&rsquo;\u00e0 vous que notre animation gagne l&rsquo;ensemble du virage et du stade, car votre r\u00f4le dans l&rsquo;association ne s&rsquo;arr\u00eate pas \u00e0 une simple adh\u00e9sion; vous \u00eates les bienvenus lors des d\u00e9placements, lors des pr\u00e9paratifs pour les tifos ou autres animations et surtout pendant les matchs pour pousser derri\u00e8re votre \u00e9quipe, n&rsquo;h\u00e9sitez pas \u00e0 vous casser la voix et \u00e0 agiter drapeaux, \u00e9charpes et banderoles pendant le match.<\/p>\n<p>Une fois que vous aurez adh\u00e9r\u00e9, vous serez tenus au courant des activit\u00e9s de l&rsquo;association (soir\u00e9es associatives, animations pr\u00e9vues, prix des d\u00e9placements, besoin de main d&rsquo;oeuvre) et b\u00e9n\u00e9ficierez de tarif r\u00e9duit sur les d\u00e9placements et abonnements.<\/p>\n<p>Pour tous renseignements, vous pouvez contacter le pr\u00e9sident au <strong><span style=\"color: #ff0000;\">06 84 96 84 70 <\/span><\/strong>ou bien venir nous voir pendant les matchs (<em>porte 17 au Wallon, porte 7 au Stadium<\/em>).<\/p>\n<p>Pour toutes adh\u00e9sions, <strong>venez nous rencontrer lors d&rsquo;un match<\/strong>, nous vous pr\u00e9senterons le fonctionnement de l&rsquo;association et apportez avec vous :<br \/>\n&#8211; une photo<br \/>\n&#8211; le r\u00e8glement de 30 euros pour une adh\u00e9sion simple, 20 euros pour une adh\u00e9sion \u00e9tudiant ou 50 euros pour une adh\u00e9sion couple.<\/p>\n<div align=\"center\"><img loading=\"lazy\" decoding=\"async\" class=\"aligncenter size-medium wp-image-2039\" src=\"http:\/\/lehuit.com\/wp8\/wp-content\/uploads\/2024\/05\/2024-05-14-22_51_19-carte_2023-2024_recto.pdf-Adobe-Acrobat-Reader-64-bit-300x194.png\" alt=\"\" width=\"300\" height=\"194\" srcset=\"http:\/\/lehuit.com\/wp8\/wp-content\/uploads\/2024\/05\/2024-05-14-22_51_19-carte_2023-2024_recto.pdf-Adobe-Acrobat-Reader-64-bit-300x194.png 300w, http:\/\/lehuit.com\/wp8\/wp-content\/uploads\/2024\/05\/2024-05-14-22_51_19-carte_2023-2024_recto.pdf-Adobe-Acrobat-Reader-64-bit.png 689w\" sizes=\"auto, (max-width: 300px) 100vw, 300px\" \/><\/div>\n","protected":false},"excerpt":{"rendered":"<p>L&rsquo;adh\u00e9sion \u00e0 l&rsquo;association pour un an vous co\u00fbtera la somme de 30 euros pour une adh\u00e9sion simple, 20 euros pour une adh\u00e9sion \u00e9tudiant et 50 euros pour une adh\u00e9sion couple. [&hellip;]<\/p>\n","protected":false},"author":1,"featured_media":167,"parent":13,"menu_order":5,"comment_status":"closed","ping_status":"closed","template":"","meta":{"_acf_changed":false,"_crdt_document":"","jetpack_post_was_ever_published":false,"footnotes":""},"class_list":["post-44","page","type-page","status-publish","has-post-thumbnail","hentry"],"blocksy_meta":[],"acf":[],"jetpack_sharing_enabled":true,"jetpack_shortlink":"https:\/\/wp.me\/P8plgw-I","_links":{"self":[{"href":"http:\/\/lehuit.com\/wp8\/wp-json\/wp\/v2\/pages\/44","targetHints":{"allow":["GET"]}}],"collection":[{"href":"http:\/\/lehuit.com\/wp8\/wp-json\/wp\/v2\/pages"}],"about":[{"href":"http:\/\/lehuit.com\/wp8\/wp-json\/wp\/v2\/types\/page"}],"author":[{"embeddable":true,"href":"http:\/\/lehuit.com\/wp8\/wp-json\/wp\/v2\/users\/1"}],"replies":[{"embeddable":true,"href":"http:\/\/lehuit.com\/wp8\/wp-json\/wp\/v2\/comments?post=44"}],"version-history":[{"count":10,"href":"http:\/\/lehuit.com\/wp8\/wp-json\/wp\/v2\/pages\/44\/revisions"}],"predecessor-version":[{"id":2414,"href":"http:\/\/lehuit.com\/wp8\/wp-json\/wp\/v2\/pages\/44\/revisions\/2414"}],"up":[{"embeddable":true,"href":"http:\/\/lehuit.com\/wp8\/wp-json\/wp\/v2\/pages\/13"}],"wp:featuredmedia":[{"embeddable":true,"href":"http:\/\/lehuit.com\/wp8\/wp-json\/wp\/v2\/media\/167"}],"wp:attachment":[{"href":"http:\/\/lehuit.com\/wp8\/wp-json\/wp\/v2\/media?parent=44"}],"curies":[{"name":"wp","href":"https:\/\/api.w.org\/{rel}","templated":true}]}}