{"id":2372,"date":"2025-12-12T16:15:38","date_gmt":"2025-12-12T15:15:38","guid":{"rendered":"https:\/\/lehuit.com\/wp8\/?page_id=2372"},"modified":"2025-12-12T17:17:28","modified_gmt":"2025-12-12T16:17:28","slug":"blog","status":"publish","type":"page","link":"https:\/\/lehuit.com\/wp8\/blog\/","title":{"rendered":"Blog"},"content":{"rendered":"\n<div class=\"wp-block-ultimate-post-post-grid-parent ultp-post-grid-parent\" data-postid=\"2372\" data-grids=\"[{&quot;blockId&quot;:&quot;c202c7&quot;,&quot;name&quot;:&quot;ultimate-post_post-grid-2&quot;}]\" data-pagi=\"[&quot;ultp-block-ba138f&quot;]\"><div  class=\"ultp-post-grid-block wp-block-ultimate-post-post-grid-2 ultp-block-c202c7\"><div class=\"ultp-block-wrapper\"><div class=\"ultp-loading\"><div class=\"ultp-loading-blocks\" style=\"width:100%;height:100%;\"><div style=\"left: 0;top: 0;animation-delay:0s;\"><\/div><div style=\"left: 21px;top: 0;animation-delay:0.125s;\"><\/div><div style=\"left: 42px;top: 0;animation-delay:0.25s;\"><\/div><div style=\"left: 0;top: 21px;animation-delay:0.875s;\"><\/div><div style=\"left: 42px;top: 21px;animation-delay:0.375s;\"><\/div><div style=\"left: 0;top: 42px;animation-delay:0.75s;\"><\/div><div style=\"left: 42px;top: 42px;animation-delay:0.625s;\"><\/div><div style=\"left: 21px;top: 42px;animation-delay:0.5s;\"><\/div><\/div><\/div><div class=\"ultp-heading-filter\"><div class=\"ultp-heading-filter-in\"><div class=\"ultp-heading-wrap ultp-heading-style18 ultp-heading-left\"><h2 class=\"ultp-heading-inner\"><span><strong>POST GRID<\/strong> #2<\/span><\/h2><\/div><\/div><\/div><div class=\"ultp-block-items-wrap ultp-block-row\"><div class=\"ultp-block-item post-id-2522\"><div class=\"ultp-block-content-wrap ultp-block-content-overlay\"><div class=\"ultp-block-image ultp-block-image-rotateRight ultp-block-image-overlay ultp-block-image-simgleGradient\"><a href=\"https:\/\/lehuit.com\/wp8\/1-2-champions-cup-les-informations-2\/\" ><img decoding=\"async\"  alt=\"1\/4 Champions Cup : Les informations\"  src=\"https:\/\/lehuit.com\/wp8\/wp-content\/uploads\/2026\/04\/1000117918-870x570.png\" \/><\/a><\/div><div class=\"ultp-block-content ultp-block-content-middlePosition\"><div class=\"ultp-block-content-inner\"><div class=\"ultp-category-grid ultp-category-classic ultp-category-aboveTitle\"><div class=\"ultp-category-in\"><a class=\"ultp-cat-activites\" href=\"https:\/\/lehuit.com\/wp8\/category\/activites\/\"  >Activit\u00e9s<\/a><a class=\"ultp-cat-deplacement-supporters\" href=\"https:\/\/lehuit.com\/wp8\/category\/blog\/deplacement-supporters\/\"  >D\u00e9placement Supporters<\/a><a class=\"ultp-cat-investec-champions-cup\" href=\"https:\/\/lehuit.com\/wp8\/category\/competitions\/investec-champions-cup\/\"  >Investec Champions Cup<\/a><a class=\"ultp-cat-news\" href=\"https:\/\/lehuit.com\/wp8\/category\/news\/\"  >NEWS<\/a><a class=\"ultp-cat-slider\" href=\"https:\/\/lehuit.com\/wp8\/category\/slider\/\"  >Slider<\/a><\/div><\/div><h3 class=\"ultp-block-title \"><a href=\"https:\/\/lehuit.com\/wp8\/1-2-champions-cup-les-informations-2\/\" >1\/4 Champions Cup : Les informations<\/a><\/h3><\/div><\/div><\/div><\/div><div class=\"ultp-block-item post-id-2498\"><div class=\"ultp-block-content-wrap ultp-block-content-overlay\"><div class=\"ultp-block-image ultp-block-image-rotateRight ultp-block-image-overlay ultp-block-image-simgleGradient\"><a href=\"https:\/\/lehuit.com\/wp8\/22-03-26-ubb-stade-toulousain\/\" ><img decoding=\"async\"  alt=\"22\/03\/26 UBB &#8211; Stade Toulousain\"  src=\"https:\/\/lehuit.com\/wp8\/wp-content\/uploads\/2026\/02\/1000115079-870x570.png\" \/><\/a><\/div><div class=\"ultp-block-content ultp-block-content-middlePosition\"><div class=\"ultp-block-content-inner\"><div class=\"ultp-category-grid ultp-category-classic ultp-category-aboveTitle\"><div class=\"ultp-category-in\"><a class=\"ultp-cat-activites\" href=\"https:\/\/lehuit.com\/wp8\/category\/activites\/\"  >Activit\u00e9s<\/a><a class=\"ultp-cat-competitions\" href=\"https:\/\/lehuit.com\/wp8\/category\/competitions\/\"  >Comp\u00e9titions<\/a><a class=\"ultp-cat-top14\" href=\"https:\/\/lehuit.com\/wp8\/category\/competitions\/top14\/\"  >TOP14<\/a><\/div><\/div><h3 class=\"ultp-block-title \"><a href=\"https:\/\/lehuit.com\/wp8\/22-03-26-ubb-stade-toulousain\/\" >22\/03\/26 UBB &#8211; Stade Toulousain<\/a><\/h3><\/div><\/div><\/div><\/div><div class=\"ultp-block-item post-id-2494\"><div class=\"ultp-block-content-wrap ultp-block-content-overlay\"><div class=\"ultp-block-image ultp-block-image-rotateRight ultp-block-image-overlay ultp-block-image-simgleGradient\"><a href=\"https:\/\/lehuit.com\/wp8\/28-02-26-stade-toulousain-montauban\/\" ><img decoding=\"async\"  alt=\"28\/02\/26 Stade Toulousain &#8211; Montauban\"  src=\"https:\/\/lehuit.com\/wp8\/wp-content\/uploads\/2026\/01\/1000115080-870x570.png\" \/><\/a><\/div><div class=\"ultp-block-content ultp-block-content-middlePosition\"><div class=\"ultp-block-content-inner\"><div class=\"ultp-category-grid ultp-category-classic ultp-category-aboveTitle\"><div class=\"ultp-category-in\"><a class=\"ultp-cat-activites\" href=\"https:\/\/lehuit.com\/wp8\/category\/activites\/\"  >Activit\u00e9s<\/a><a class=\"ultp-cat-competitions\" href=\"https:\/\/lehuit.com\/wp8\/category\/competitions\/\"  >Comp\u00e9titions<\/a><a class=\"ultp-cat-top14\" href=\"https:\/\/lehuit.com\/wp8\/category\/competitions\/top14\/\"  >TOP14<\/a><\/div><\/div><h3 class=\"ultp-block-title \"><a href=\"https:\/\/lehuit.com\/wp8\/28-02-26-stade-toulousain-montauban\/\" >28\/02\/26 Stade Toulousain &#8211; Montauban<\/a><\/h3><\/div><\/div><\/div><\/div><div class=\"ultp-block-item post-id-2486\"><div class=\"ultp-block-content-wrap ultp-block-content-overlay\"><div class=\"ultp-block-image ultp-block-image-rotateRight ultp-block-image-overlay ultp-block-image-simgleGradient\"><a href=\"https:\/\/lehuit.com\/wp8\/deplacements-a-bordeaux-castres-et-marseille\/\" ><img decoding=\"async\"  alt=\"D\u00e9placements \u00e0 Bordeaux, Castres et Marseille\"  src=\"https:\/\/lehuit.com\/wp8\/wp-content\/uploads\/2026\/02\/depl_2026-03_04-870x570.jpg\" \/><\/a><\/div><div class=\"ultp-block-content ultp-block-content-middlePosition\"><div class=\"ultp-block-content-inner\"><div class=\"ultp-category-grid ultp-category-classic ultp-category-aboveTitle\"><div class=\"ultp-category-in\"><a class=\"ultp-cat-deplacement-supporters\" href=\"https:\/\/lehuit.com\/wp8\/category\/blog\/deplacement-supporters\/\"  >D\u00e9placement Supporters<\/a><a class=\"ultp-cat-slider\" href=\"https:\/\/lehuit.com\/wp8\/category\/slider\/\"  >Slider<\/a><\/div><\/div><h3 class=\"ultp-block-title \"><a href=\"https:\/\/lehuit.com\/wp8\/deplacements-a-bordeaux-castres-et-marseille\/\" >D\u00e9placements \u00e0 Bordeaux, Castres et Marseille<\/a><\/h3><\/div><\/div><\/div><\/div><div class=\"ultp-block-item post-id-2483\"><div class=\"ultp-block-content-wrap ultp-block-content-overlay\"><div class=\"ultp-block-image ultp-block-image-rotateRight ultp-block-image-overlay ultp-block-image-simgleGradient\"><a href=\"https:\/\/lehuit.com\/wp8\/stade-francais-stade-toulousain\/\" ><img decoding=\"async\"  alt=\"Stade Fran\u00e7ais &#8211; Stade Toulousain\"  src=\"https:\/\/lehuit.com\/wp8\/wp-content\/uploads\/2026\/02\/file_00000000fe4471f7bca2eb780f0e8ed7-1-870x570.png\" \/><\/a><\/div><div class=\"ultp-block-content ultp-block-content-middlePosition\"><div class=\"ultp-block-content-inner\"><div class=\"ultp-category-grid ultp-category-classic ultp-category-aboveTitle\"><div class=\"ultp-category-in\"><a class=\"ultp-cat-activites\" href=\"https:\/\/lehuit.com\/wp8\/category\/activites\/\"  >Activit\u00e9s<\/a><a class=\"ultp-cat-competitions\" href=\"https:\/\/lehuit.com\/wp8\/category\/competitions\/\"  >Comp\u00e9titions<\/a><a class=\"ultp-cat-top14\" href=\"https:\/\/lehuit.com\/wp8\/category\/competitions\/top14\/\"  >TOP14<\/a><\/div><\/div><h3 class=\"ultp-block-title \"><a href=\"https:\/\/lehuit.com\/wp8\/stade-francais-stade-toulousain\/\" >Stade Fran\u00e7ais &#8211; Stade Toulousain<\/a><\/h3><\/div><\/div><\/div><\/div><div class=\"ultp-block-item post-id-2476\"><div class=\"ultp-block-content-wrap ultp-block-content-overlay\"><div class=\"ultp-block-image ultp-block-image-rotateRight ultp-block-image-overlay ultp-block-image-simgleGradient\"><a href=\"https:\/\/lehuit.com\/wp8\/stade-toulousain-aviron-bayonnais\/\" ><img decoding=\"async\"  alt=\"Stade Toulousain &#8211; Aviron Bayonnais\"  src=\"https:\/\/lehuit.com\/wp8\/wp-content\/uploads\/2026\/01\/1000114496-870x570.png\" \/><\/a><\/div><div class=\"ultp-block-content ultp-block-content-middlePosition\"><div class=\"ultp-block-content-inner\"><div class=\"ultp-category-grid ultp-category-classic ultp-category-aboveTitle\"><div class=\"ultp-category-in\"><a class=\"ultp-cat-activites\" href=\"https:\/\/lehuit.com\/wp8\/category\/activites\/\"  >Activit\u00e9s<\/a><a class=\"ultp-cat-competitions\" href=\"https:\/\/lehuit.com\/wp8\/category\/competitions\/\"  >Comp\u00e9titions<\/a><a class=\"ultp-cat-top14\" href=\"https:\/\/lehuit.com\/wp8\/category\/competitions\/top14\/\"  >TOP14<\/a><\/div><\/div><h3 class=\"ultp-block-title \"><a href=\"https:\/\/lehuit.com\/wp8\/stade-toulousain-aviron-bayonnais\/\" >Stade Toulousain &#8211; Aviron Bayonnais<\/a><\/h3><\/div><\/div><\/div><\/div><div class=\"ultp-block-item post-id-2458\"><div class=\"ultp-block-content-wrap ultp-block-content-overlay\"><div class=\"ultp-block-image ultp-block-image-rotateRight ultp-block-image-overlay ultp-block-image-simgleGradient\"><a href=\"https:\/\/lehuit.com\/wp8\/le-huit-aux-cotes-des-agriculteurs-rugby-et-solidarite-sur-la64\/\" ><img decoding=\"async\"  alt=\"Le Huit aux c\u00f4t\u00e9s des agriculteurs : rugby et solidarit\u00e9 sur l&rsquo;A64\"  src=\"https:\/\/lehuit.com\/wp8\/wp-content\/uploads\/2026\/01\/615060703_26419119704358049_3248636892977233661_n-870x540.jpg\" \/><\/a><\/div><div class=\"ultp-block-content ultp-block-content-middlePosition\"><div class=\"ultp-block-content-inner\"><div class=\"ultp-category-grid ultp-category-classic ultp-category-aboveTitle\"><div class=\"ultp-category-in\"><a class=\"ultp-cat-slider\" href=\"https:\/\/lehuit.com\/wp8\/category\/slider\/\"  >Slider<\/a><a class=\"ultp-cat-vie-du-groupe\" href=\"https:\/\/lehuit.com\/wp8\/category\/blog\/vie-du-groupe\/\"  >Vie du Groupe<\/a><\/div><\/div><h3 class=\"ultp-block-title \"><a href=\"https:\/\/lehuit.com\/wp8\/le-huit-aux-cotes-des-agriculteurs-rugby-et-solidarite-sur-la64\/\" >Le Huit aux c\u00f4t\u00e9s des agriculteurs : rugby et solidarit\u00e9 sur l&rsquo;A64<\/a><\/h3><\/div><\/div><\/div><\/div><div class=\"ultp-block-item post-id-2447\"><div class=\"ultp-block-content-wrap ultp-block-content-overlay\"><div class=\"ultp-block-image ultp-block-image-rotateRight ultp-block-image-overlay ultp-block-image-simgleGradient\"><a href=\"https:\/\/lehuit.com\/wp8\/stade-toulousain-section-paloise\/\" ><img decoding=\"async\"  alt=\"Stade Toulousain &#8211; Section Paloise\"  src=\"https:\/\/lehuit.com\/wp8\/wp-content\/uploads\/2025\/12\/ChatGPT-Image-29-dec.-2025-20_11_31-870x570.png\" \/><\/a><\/div><div class=\"ultp-block-content ultp-block-content-middlePosition\"><div class=\"ultp-block-content-inner\"><div class=\"ultp-category-grid ultp-category-classic ultp-category-aboveTitle\"><div class=\"ultp-category-in\"><a class=\"ultp-cat-activites\" href=\"https:\/\/lehuit.com\/wp8\/category\/activites\/\"  >Activit\u00e9s<\/a><a class=\"ultp-cat-competitions\" href=\"https:\/\/lehuit.com\/wp8\/category\/competitions\/\"  >Comp\u00e9titions<\/a><a class=\"ultp-cat-top14\" href=\"https:\/\/lehuit.com\/wp8\/category\/competitions\/top14\/\"  >TOP14<\/a><\/div><\/div><h3 class=\"ultp-block-title \"><a href=\"https:\/\/lehuit.com\/wp8\/stade-toulousain-section-paloise\/\" >Stade Toulousain &#8211; Section Paloise<\/a><\/h3><\/div><\/div><\/div><\/div><div class=\"ultp-block-item post-id-2439\"><div class=\"ultp-block-content-wrap ultp-block-content-overlay\"><div class=\"ultp-block-image ultp-block-image-rotateRight ultp-block-image-overlay ultp-block-image-simgleGradient\"><a href=\"https:\/\/lehuit.com\/wp8\/bonnes-fetes-de-fin-dannee-2\/\" ><img decoding=\"async\"  alt=\"Bonnes f\u00eates de fin d&rsquo;ann\u00e9e\"  src=\"https:\/\/lehuit.com\/wp8\/wp-content\/uploads\/2025\/12\/thumbnail_1000112446-870x570.jpg\" \/><\/a><\/div><div class=\"ultp-block-content ultp-block-content-middlePosition\"><div class=\"ultp-block-content-inner\"><div class=\"ultp-category-grid ultp-category-classic ultp-category-aboveTitle\"><div class=\"ultp-category-in\"><a class=\"ultp-cat-non-classe\" href=\"https:\/\/lehuit.com\/wp8\/category\/non-classe\/\"  >Non class\u00e9<\/a><\/div><\/div><h3 class=\"ultp-block-title \"><a href=\"https:\/\/lehuit.com\/wp8\/bonnes-fetes-de-fin-dannee-2\/\" >Bonnes f\u00eates de fin d&rsquo;ann\u00e9e<\/a><\/h3><\/div><\/div><\/div><\/div><div class=\"ultp-block-item post-id-2317\"><div class=\"ultp-block-content-wrap ultp-block-content-overlay\"><div class=\"ultp-block-image ultp-block-image-rotateRight ultp-block-image-overlay ultp-block-image-simgleGradient\"><a href=\"https:\/\/lehuit.com\/wp8\/stade-toulousain-sale-sharks\/\" ><img decoding=\"async\"  alt=\"Stade Toulousain &#8211; Sale Sharks\"  src=\"https:\/\/lehuit.com\/wp8\/wp-content\/uploads\/2025\/12\/cree-une-image-realiste-dun-match-stade-toulousain-stade-870x570.png\" \/><\/a><\/div><div class=\"ultp-block-content ultp-block-content-middlePosition\"><div class=\"ultp-block-content-inner\"><div class=\"ultp-category-grid ultp-category-classic ultp-category-aboveTitle\"><div class=\"ultp-category-in\"><a class=\"ultp-cat-activites\" href=\"https:\/\/lehuit.com\/wp8\/category\/activites\/\"  >Activit\u00e9s<\/a><a class=\"ultp-cat-competitions\" href=\"https:\/\/lehuit.com\/wp8\/category\/competitions\/\"  >Comp\u00e9titions<\/a><a class=\"ultp-cat-deplacement-supporters\" href=\"https:\/\/lehuit.com\/wp8\/category\/blog\/deplacement-supporters\/\"  >D\u00e9placement Supporters<\/a><a class=\"ultp-cat-investec-champions-cup\" href=\"https:\/\/lehuit.com\/wp8\/category\/competitions\/investec-champions-cup\/\"  >Investec Champions Cup<\/a><\/div><\/div><h3 class=\"ultp-block-title \"><a href=\"https:\/\/lehuit.com\/wp8\/stade-toulousain-sale-sharks\/\" >Stade Toulousain &#8211; Sale Sharks<\/a><\/h3><\/div><\/div><\/div><\/div><div class=\"ultp-block-item post-id-2315\"><div class=\"ultp-block-content-wrap ultp-block-content-overlay\"><div class=\"ultp-block-image ultp-block-image-rotateRight ultp-block-image-overlay ultp-block-image-simgleGradient\"><a href=\"https:\/\/lehuit.com\/wp8\/perpignan-stade-toulousain\/\" ><img decoding=\"async\"  alt=\"Perpignan &#8211; Stade Toulousain\"  src=\"https:\/\/lehuit.com\/wp8\/wp-content\/uploads\/2025\/12\/image-870x570.png\" \/><\/a><\/div><div class=\"ultp-block-content ultp-block-content-middlePosition\"><div class=\"ultp-block-content-inner\"><div class=\"ultp-category-grid ultp-category-classic ultp-category-aboveTitle\"><div class=\"ultp-category-in\"><a class=\"ultp-cat-activites\" href=\"https:\/\/lehuit.com\/wp8\/category\/activites\/\"  >Activit\u00e9s<\/a><a class=\"ultp-cat-competitions\" href=\"https:\/\/lehuit.com\/wp8\/category\/competitions\/\"  >Comp\u00e9titions<\/a><a class=\"ultp-cat-deplacement-supporters\" href=\"https:\/\/lehuit.com\/wp8\/category\/blog\/deplacement-supporters\/\"  >D\u00e9placement Supporters<\/a><a class=\"ultp-cat-top14\" href=\"https:\/\/lehuit.com\/wp8\/category\/competitions\/top14\/\"  >TOP14<\/a><\/div><\/div><h3 class=\"ultp-block-title \"><a href=\"https:\/\/lehuit.com\/wp8\/perpignan-stade-toulousain\/\" >Perpignan &#8211; Stade Toulousain<\/a><\/h3><\/div><\/div><\/div><\/div><div class=\"ultp-block-item post-id-2297\"><div class=\"ultp-block-content-wrap ultp-block-content-overlay\"><div class=\"ultp-block-image ultp-block-image-rotateRight ultp-block-image-overlay ultp-block-image-simgleGradient\"><a href=\"https:\/\/lehuit.com\/wp8\/stade-toulousain-stade-rochelais\/\" ><img decoding=\"async\"  alt=\"Stade Toulousain &#8211; Stade Rochelais\"  src=\"https:\/\/lehuit.com\/wp8\/wp-content\/uploads\/2025\/12\/ChatGPT-Image-11-dec.-2025-22_38_23-870x570.png\" \/><\/a><\/div><div class=\"ultp-block-content ultp-block-content-middlePosition\"><div class=\"ultp-block-content-inner\"><div class=\"ultp-category-grid ultp-category-classic ultp-category-aboveTitle\"><div class=\"ultp-category-in\"><a class=\"ultp-cat-activites\" href=\"https:\/\/lehuit.com\/wp8\/category\/activites\/\"  >Activit\u00e9s<\/a><a class=\"ultp-cat-competitions\" href=\"https:\/\/lehuit.com\/wp8\/category\/competitions\/\"  >Comp\u00e9titions<\/a><a class=\"ultp-cat-top14\" href=\"https:\/\/lehuit.com\/wp8\/category\/competitions\/top14\/\"  >TOP14<\/a><\/div><\/div><h3 class=\"ultp-block-title \"><a href=\"https:\/\/lehuit.com\/wp8\/stade-toulousain-stade-rochelais\/\" >Stade Toulousain &#8211; Stade Rochelais<\/a><\/h3><\/div><\/div><\/div><\/div><\/div><\/div><div class=\"pagination-block-html\" aria-hidden=\"true\" style=\"display: none;\"><div class=\"ultp-pagination-wrap ultp-pagination-ajax-action\"  data-for=\"ultp-block-c202c7\"  data-blockid=\"c202c7\"  data-expost=\"\"  data-paged=\"1\"  data-pages=\"12\"  data-blockname=\"ultimate-post_post-grid-2\"  data-postid=\"2372\"  data-selfpostid=\"yes\" ><ul class=\"ultp-pagination\"><li class=\"ultp-prev-page-numbers\" style=\"display:none\"><a href=\"https:\/\/lehuit.com\/wp8\/wp-json\/wp\/v2\/pages\/2372\/\"><svg xmlns=\"http:\/\/www.w3.org\/2000\/svg\" fill=\"none\" viewBox=\"0 0 24 24\">\n  <path stroke=\"currentColor\" stroke-linecap=\"round\" stroke-linejoin=\"round\" stroke-width=\"1.5\" d=\"m15 18-6-6 6-6\"\/>\n<\/svg>\n Pr\u00e9c\u00e9dent<\/a><\/li><li class=\"ultp-first-pages\" style=\"display:none\" data-current=\"1\"><a href=\"https:\/\/lehuit.com\/wp8\/wp-json\/wp\/v2\/pages\/2372\/\">1<\/a><\/li><li class=\"ultp-first-dot\"style=\"display:none\"><a href=\"#\">&#8230;<\/a><\/li><li class=\"ultp-center-item pagination-active\" data-current=\"1\"><a href=\"https:\/\/lehuit.com\/wp8\/wp-json\/wp\/v2\/pages\/2372\/\">1<\/a><\/li><li class=\"ultp-center-item\" data-current=\"2\" ><a href=\"https:\/\/lehuit.com\/wp8\/wp-json\/wp\/v2\/pages\/2372\/page\/2\/\">2<\/a><\/li><li class=\"ultp-center-item\" data-current=\"3\" ><a href=\"https:\/\/lehuit.com\/wp8\/wp-json\/wp\/v2\/pages\/2372\/page\/3\/\">3<\/a><\/li><li class=\"ultp-last-dot\" ><a href=\"#\">&#8230;<\/a><\/li><li class=\"ultp-last-pages\" data-current=\"12\"><a href=\"https:\/\/lehuit.com\/wp8\/wp-json\/wp\/v2\/pages\/2372\/page\/12\/\">12<\/a><\/li><li class=\"ultp-next-page-numbers\"><a href=\"https:\/\/lehuit.com\/wp8\/wp-json\/wp\/v2\/pages\/2372\/page\/2\/\">Suivant<svg xmlns=\"http:\/\/www.w3.org\/2000\/svg\" fill=\"none\" viewBox=\"0 0 24 24\">\n  <path stroke=\"currentColor\" stroke-linecap=\"round\" stroke-linejoin=\"round\" stroke-width=\"1.5\" d=\"m9 18 6-6-6-6\"\/>\n<\/svg>\n<\/a><\/li><\/ul><\/div><\/div><\/div>\n\n\n<div class=\"wp-block-ultimate-post-post-pagination ultp-block-ba138f ultp-pagination-block ultp-pagination-wrap\"><div class=\"ultp-pagination-wrap ultp-disable-editor-click ultp-pagination-ajax-action\"><ul class=\"ultp-pagination\"><li><a href=\"#\" class=\"ultp-prev-page-numbers\"><svg xmlns=\"http:\/\/www.w3.org\/2000\/svg\" fill=\"none\" viewBox=\"0 0 24 24\"><path stroke=\"currentColor\" stroke-linecap=\"round\" stroke-linejoin=\"round\" stroke-width=\"1.5\" d=\"m15 18-6-6 6-6\"><\/path><\/svg> Pr\u00e9c\u00e9dent<\/a><\/li><li><a href=\"#\">1<\/a><\/li><li><a href=\"#\">2<\/a><\/li><li><a href=\"#\">3<\/a><\/li><li><a href=\"#\" class=\"ultp-next-page-numbers\">Suivant <svg xmlns=\"http:\/\/www.w3.org\/2000\/svg\" fill=\"none\" viewBox=\"0 0 24 24\"><path stroke=\"currentColor\" stroke-linecap=\"round\" stroke-linejoin=\"round\" stroke-width=\"1.5\" d=\"m9 18 6-6-6-6\"><\/path><\/svg><\/a><\/li><\/ul><\/div><\/div>\n<\/div>\n","protected":false},"excerpt":{"rendered":"","protected":false},"author":1,"featured_media":0,"parent":0,"menu_order":0,"comment_status":"closed","ping_status":"closed","template":"","meta":{"_acf_changed":false,"_crdt_document":"","jetpack_post_was_ever_published":false,"footnotes":""},"class_list":["post-2372","page","type-page","status-publish","hentry"],"blocksy_meta":[],"acf":[],"jetpack_sharing_enabled":true,"jetpack_shortlink":"https:\/\/wp.me\/P8plgw-Cg","_links":{"self":[{"href":"https:\/\/lehuit.com\/wp8\/wp-json\/wp\/v2\/pages\/2372","targetHints":{"allow":["GET"]}}],"collection":[{"href":"https:\/\/lehuit.com\/wp8\/wp-json\/wp\/v2\/pages"}],"about":[{"href":"https:\/\/lehuit.com\/wp8\/wp-json\/wp\/v2\/types\/page"}],"author":[{"embeddable":true,"href":"https:\/\/lehuit.com\/wp8\/wp-json\/wp\/v2\/users\/1"}],"replies":[{"embeddable":true,"href":"https:\/\/lehuit.com\/wp8\/wp-json\/wp\/v2\/comments?post=2372"}],"version-history":[{"count":4,"href":"https:\/\/lehuit.com\/wp8\/wp-json\/wp\/v2\/pages\/2372\/revisions"}],"predecessor-version":[{"id":2397,"href":"https:\/\/lehuit.com\/wp8\/wp-json\/wp\/v2\/pages\/2372\/revisions\/2397"}],"wp:attachment":[{"href":"https:\/\/lehuit.com\/wp8\/wp-json\/wp\/v2\/media?parent=2372"}],"curies":[{"name":"wp","href":"https:\/\/api.w.org\/{rel}","templated":true}]}}