{"id":90,"date":"2017-02-16T22:59:45","date_gmt":"2017-02-16T21:59:45","guid":{"rendered":"http:\/\/lehuit.com\/wp8\/?page_id=90"},"modified":"2018-04-30T17:15:34","modified_gmt":"2018-04-30T15:15:34","slug":"chants","status":"publish","type":"page","link":"https:\/\/lehuit.com\/wp8\/supporters\/chants\/","title":{"rendered":"Chants"},"content":{"rendered":"<p>&nbsp;<\/p>\n<table border=\"0\" width=\"95%\" cellspacing=\"0\" cellpadding=\"0\" align=\"center\">\n<tbody>\n<tr>\n<td class=\"titletext\" colspan=\"2\">Le plus simple<\/td>\n<\/tr>\n<tr>\n<td><span style=\"font-family: Verdana, Arial, Helvetica, sans-serif; font-size: small;\">Tou-lou-sains, Toulousains, Toulousains<\/span><span style=\"font-family: Verdana, Arial, Helvetica, sans-serif; font-size: small;\"><br \/>\n<\/span><\/td>\n<td><div class=\"wp-playlist wp-audio-playlist wp-playlist-light\">\n\t\t\t<div class=\"wp-playlist-current-item\"><\/div>\n\t\t<audio controls=\"controls\" preload=\"none\" width=\"1478\"\n\t\t\t><\/audio>\n\t<div class=\"wp-playlist-next\"><\/div>\n\t<div class=\"wp-playlist-prev\"><\/div>\n\t<noscript>\n\t<ol>\n\t\t<li><a href='https:\/\/lehuit.com\/wp8\/wp-content\/uploads\/2018\/04\/Toulousain.mp3'>Toulousain<\/a><\/li>\t<\/ol>\n\t<\/noscript>\n\t<script type=\"application\/json\" class=\"wp-playlist-script\">{\"type\":\"audio\",\"tracklist\":true,\"tracknumbers\":true,\"images\":true,\"artists\":true,\"tracks\":[{\"src\":\"https:\/\/lehuit.com\/wp8\/wp-content\/uploads\/2018\/04\/Toulousain.mp3\",\"type\":\"audio\/mpeg\",\"title\":\"Toulousain\",\"caption\":\"\",\"description\":\"\\u003Ci\\u003EToulousain\\u003C\/i\\u003E.\",\"meta\":{\"length_formatted\":\"0:20\"},\"image\":{\"src\":\"https:\/\/lehuit.com\/wp8\/wp-includes\/images\/media\/audio.svg\",\"width\":48,\"height\":64},\"thumb\":{\"src\":\"https:\/\/lehuit.com\/wp8\/wp-includes\/images\/media\/audio.svg\",\"width\":48,\"height\":64}}]}<\/script>\n<\/div>\n\t<\/td>\n<\/tr>\n<tr>\n<td class=\"titletext\" colspan=\"2\">On l\u00e8ve les bras<\/td>\n<\/tr>\n<tr>\n<td><span style=\"font-family: Verdana, Arial, Helvetica, sans-serif; font-size: small;\">Tap tap tap-tap-tap tap-tap-tap-tap Toulouse<br \/>\n<\/span><\/td>\n<td><div class=\"wp-playlist wp-audio-playlist wp-playlist-light\">\n\t\t\t<div class=\"wp-playlist-current-item\"><\/div>\n\t\t<audio controls=\"controls\" preload=\"none\" width=\"1478\"\n\t\t\t><\/audio>\n\t<div class=\"wp-playlist-next\"><\/div>\n\t<div class=\"wp-playlist-prev\"><\/div>\n\t<noscript>\n\t<ol>\n\t\t<li><a href='https:\/\/lehuit.com\/wp8\/wp-content\/uploads\/2018\/04\/Toulouse.mp3'>Toulouse!<\/a><\/li>\t<\/ol>\n\t<\/noscript>\n\t<script type=\"application\/json\" class=\"wp-playlist-script\">{\"type\":\"audio\",\"tracklist\":true,\"tracknumbers\":true,\"images\":true,\"artists\":true,\"tracks\":[{\"src\":\"https:\/\/lehuit.com\/wp8\/wp-content\/uploads\/2018\/04\/Toulouse.mp3\",\"type\":\"audio\/mpeg\",\"title\":\"Toulouse!\",\"caption\":\"\",\"description\":\"\\u003Ci\\u003EToulouse!\\u003C\/i\\u003E.\",\"meta\":{\"length_formatted\":\"0:24\"},\"image\":{\"src\":\"https:\/\/lehuit.com\/wp8\/wp-includes\/images\/media\/audio.svg\",\"width\":48,\"height\":64},\"thumb\":{\"src\":\"https:\/\/lehuit.com\/wp8\/wp-includes\/images\/media\/audio.svg\",\"width\":48,\"height\":64}}]}<\/script>\n<\/div>\n\t<\/td>\n<\/tr>\n<tr>\n<td class=\"titletext\" colspan=\"2\">L\u00e0 o\u00f9 on saute<\/td>\n<\/tr>\n<tr>\n<td><span style=\"font-family: Verdana, Arial, Helvetica, sans-serif; font-size: small;\">Qui ne saute pas n&rsquo;est pas Tou-lou-sain<br \/>\n<\/span><\/td>\n<td><div class=\"wp-playlist wp-audio-playlist wp-playlist-light\">\n\t\t\t<div class=\"wp-playlist-current-item\"><\/div>\n\t\t<audio controls=\"controls\" preload=\"none\" width=\"1478\"\n\t\t\t><\/audio>\n\t<div class=\"wp-playlist-next\"><\/div>\n\t<div class=\"wp-playlist-prev\"><\/div>\n\t<noscript>\n\t<ol>\n\t\t<li><a href='https:\/\/lehuit.com\/wp8\/wp-content\/uploads\/2018\/04\/Quinesautepas.mp3'>Quinesautepas<\/a><\/li>\t<\/ol>\n\t<\/noscript>\n\t<script type=\"application\/json\" class=\"wp-playlist-script\">{\"type\":\"audio\",\"tracklist\":true,\"tracknumbers\":true,\"images\":true,\"artists\":true,\"tracks\":[{\"src\":\"https:\/\/lehuit.com\/wp8\/wp-content\/uploads\/2018\/04\/Quinesautepas.mp3\",\"type\":\"audio\/mpeg\",\"title\":\"Quinesautepas\",\"caption\":\"\",\"description\":\"\\u003Ci\\u003EQuinesautepas\\u003C\/i\\u003E.\",\"meta\":{\"length_formatted\":\"0:25\"},\"image\":{\"src\":\"https:\/\/lehuit.com\/wp8\/wp-includes\/images\/media\/audio.svg\",\"width\":48,\"height\":64},\"thumb\":{\"src\":\"https:\/\/lehuit.com\/wp8\/wp-includes\/images\/media\/audio.svg\",\"width\":48,\"height\":64}}]}<\/script>\n<\/div>\n\t<\/td>\n<\/tr>\n<tr>\n<td class=\"titletext\" colspan=\"2\">Le virage<\/td>\n<\/tr>\n<tr>\n<td><span style=\"font-family: Verdana, Arial, Helvetica, sans-serif; font-size: small;\">Quand le virage se met \u00e0 chanter<br \/>\nC&rsquo;est tout le stade qui va s&rsquo;enflammer<br \/>\nAllez, allez, allez, allez<br \/>\nAllez, allez, le stade, allez<br \/>\n&#8230;<br \/>\n<\/span><\/td>\n<td><div class=\"wp-playlist wp-audio-playlist wp-playlist-light\">\n\t\t\t<div class=\"wp-playlist-current-item\"><\/div>\n\t\t<audio controls=\"controls\" preload=\"none\" width=\"1478\"\n\t\t\t><\/audio>\n\t<div class=\"wp-playlist-next\"><\/div>\n\t<div class=\"wp-playlist-prev\"><\/div>\n\t<noscript>\n\t<ol>\n\t\t<li><a href='https:\/\/lehuit.com\/wp8\/wp-content\/uploads\/2018\/04\/Virage.mp3'>Virage<\/a><\/li>\t<\/ol>\n\t<\/noscript>\n\t<script type=\"application\/json\" class=\"wp-playlist-script\">{\"type\":\"audio\",\"tracklist\":true,\"tracknumbers\":true,\"images\":true,\"artists\":true,\"tracks\":[{\"src\":\"https:\/\/lehuit.com\/wp8\/wp-content\/uploads\/2018\/04\/Virage.mp3\",\"type\":\"audio\/mpeg\",\"title\":\"Virage\",\"caption\":\"\",\"description\":\"\\u003Ci\\u003EVirage\\u003C\/i\\u003E.\",\"meta\":{\"length_formatted\":\"0:29\"},\"image\":{\"src\":\"https:\/\/lehuit.com\/wp8\/wp-includes\/images\/media\/audio.svg\",\"width\":48,\"height\":64},\"thumb\":{\"src\":\"https:\/\/lehuit.com\/wp8\/wp-includes\/images\/media\/audio.svg\",\"width\":48,\"height\":64}}]}<\/script>\n<\/div>\n\t<\/td>\n<\/tr>\n<tr>\n<td class=\"titletext\" colspan=\"2\">Aux armes !<\/td>\n<\/tr>\n<tr>\n<td><span style=\"font-family: Verdana, Arial, Helvetica, sans-serif; font-size: small;\">Aux armes<br \/>\nAUX ARMES<br \/>\nAux armes<br \/>\nAUX ARMES<br \/>\nNous sommes les Toulousains<br \/>\nNOUS SOMMES LES TOULOUSAINS<br \/>\nEt nous allons gagner<br \/>\nET NOUS ALLONS GAGNER<br \/>\nAllez le Stade<br \/>\nALLEZ LE STADE<br \/>\nAllez Toulouse<br \/>\nALLEZ TOULOUSE<br \/>\nLALALALALALALALALALA<br \/>\n<\/span><\/td>\n<td><div class=\"wp-playlist wp-audio-playlist wp-playlist-light\">\n\t\t\t<div class=\"wp-playlist-current-item\"><\/div>\n\t\t<audio controls=\"controls\" preload=\"none\" width=\"1478\"\n\t\t\t><\/audio>\n\t<div class=\"wp-playlist-next\"><\/div>\n\t<div class=\"wp-playlist-prev\"><\/div>\n\t<noscript>\n\t<ol>\n\t\t<li><a href='https:\/\/lehuit.com\/wp8\/wp-content\/uploads\/2018\/04\/AuxArmes.mp3'>AuxArmes<\/a><\/li>\t<\/ol>\n\t<\/noscript>\n\t<script type=\"application\/json\" class=\"wp-playlist-script\">{\"type\":\"audio\",\"tracklist\":true,\"tracknumbers\":true,\"images\":true,\"artists\":true,\"tracks\":[{\"src\":\"https:\/\/lehuit.com\/wp8\/wp-content\/uploads\/2018\/04\/AuxArmes.mp3\",\"type\":\"audio\/mpeg\",\"title\":\"AuxArmes\",\"caption\":\"\",\"description\":\"\\u003Ci\\u003EAuxArmes\\u003C\/i\\u003E.\",\"meta\":{\"length_formatted\":\"0:24\"},\"image\":{\"src\":\"https:\/\/lehuit.com\/wp8\/wp-includes\/images\/media\/audio.svg\",\"width\":48,\"height\":64},\"thumb\":{\"src\":\"https:\/\/lehuit.com\/wp8\/wp-includes\/images\/media\/audio.svg\",\"width\":48,\"height\":64}}]}<\/script>\n<\/div>\n\t<\/td>\n<\/tr>\n<tr>\n<td class=\"titletext\" colspan=\"2\">Allez Allez<\/td>\n<\/tr>\n<tr>\n<td><span style=\"font-family: Verdana, Arial, Helvetica, sans-serif; font-size: small;\">Toulousains,<br \/>\nAllez, allez, allez<br \/>\nAllez, allez, allez<br \/>\nAllez, allez, allez<br \/>\n<\/span><\/td>\n<td><\/td>\n<\/tr>\n<tr>\n<td class=\"titletext\" colspan=\"2\">Oh\u00e9 Oh\u00e9<\/td>\n<\/tr>\n<tr>\n<td><span style=\"font-family: Verdana, Arial, Helvetica, sans-serif; font-size: small;\">Oh\u00e9 ohe oh\u00e9 oh\u00e9<br \/>\nLe Stade, le Stade<br \/>\nOh\u00e9 oh\u00e9 oh\u00e9 oh\u00e9<br \/>\nLe Stade, le Stade<br \/>\n<\/span><\/td>\n<td><\/td>\n<\/tr>\n<tr>\n<td class=\"titletext\" colspan=\"2\">L&rsquo;arm\u00e9e des Toulousains<\/td>\n<\/tr>\n<tr>\n<td><span style=\"font-family: Verdana, Arial, Helvetica, sans-serif; font-size: small;\">Nous sommes l&rsquo;arm\u00e9e des Toulousains<br \/>\nEt on tape dans les mains<br \/>\n(Tap tap tap)<br \/>\nQuand on vient les supporter<br \/>\nOn se met tous \u00e0 chanter<br \/>\nTous ensemble, on va chanter<br \/>\nAllez, allez<br \/>\n<\/span><\/td>\n<td><\/td>\n<\/tr>\n<tr>\n<td class=\"titletext\" colspan=\"2\">Hissez haut<\/td>\n<\/tr>\n<tr>\n<td><span style=\"font-family: Verdana, Arial, Helvetica, sans-serif; font-size: small;\">Allez le Stade, allez Toulousains<br \/>\nHissez haut, les drapeaux<br \/>\nTous unis sous les m\u00eames couleurs<br \/>\nNous irons chercher le bouclier<br \/>\n<\/span><\/td>\n<td><\/td>\n<\/tr>\n<tr>\n<td class=\"titletext\" colspan=\"2\">Les champions, c&rsquo;est &#8230;<\/td>\n<\/tr>\n<tr>\n<td><span style=\"font-family: Verdana, Arial, Helvetica, sans-serif; font-size: small;\">Dans la France<br \/>\nTOULOUSE<br \/>\nDans l&rsquo;Europe<br \/>\nTOULOUSE<br \/>\nLes champions, c&rsquo;est<br \/>\nTOULOUSE<br \/>\nAllez les Toulousains<br \/>\nLalalala<br \/>\n<\/span><\/td>\n<td><\/td>\n<\/tr>\n<tr>\n<td class=\"titletext\" colspan=\"2\">Toujours imit\u00e9s<\/td>\n<\/tr>\n<tr>\n<td><span style=\"font-family: Verdana, Arial, Helvetica, sans-serif; font-size: small;\">Chantons en choeur<br \/>\nLes supporters toulousains<br \/>\nToujours imit\u00e9s, jamais \u00e9gal\u00e9s<br \/>\n(x2)<br \/>\nLalalala<br \/>\n<\/span><\/td>\n<td><\/td>\n<\/tr>\n<tr>\n<td class=\"titletext\" colspan=\"2\">La vierge rouge<\/td>\n<\/tr>\n<tr>\n<td><span style=\"font-family: Verdana, Arial, Helvetica, sans-serif; font-size: small;\">La Vierge Rouge descendit \u00e0 Toulouse<br \/>\nPour redonner des couleurs \u00e0 mon coeur<br \/>\nLe Rouge et Noir, l&rsquo;Europe les jalouse<br \/>\nC&rsquo;est la couleur de l&rsquo;unique vainqueur<\/span>Allez Toulouse, Allez Toulouse, Allez Toulousains<br \/>\nLes haut-garonnais se sont tous lev\u00e9s pour chanter (h\u00e9)<br \/>\nAllez Toulouse, Allez Toulouse, Allez Toulousains<br \/>\nLes haut-garonnais se sont tous lev\u00e9s pour chanter (h\u00e9)<\/td>\n<td><\/td>\n<\/tr>\n<tr>\n<td class=\"titletext\" colspan=\"2\">Tout pr\u00e8s de la Garonne<\/td>\n<\/tr>\n<tr>\n<td><span style=\"font-family: Verdana, Arial, Helvetica, sans-serif; font-size: small;\">Tout pr\u00e8s de la Garonne<br \/>\nNon loin des Pyr\u00e9n\u00e9es<br \/>\nIl existe une ville<br \/>\nToulouse o\u00f9 je suis n\u00e9<br \/>\nToulouse et son \u00e9quipe<br \/>\nSon stade des 7 deniers<br \/>\nLes toulousains arrivent<br \/>\nIls vont tout remporter<br \/>\n<\/span><\/td>\n<td><\/td>\n<\/tr>\n<tr>\n<td class=\"titletext\" colspan=\"2\">Le cassoulet<\/td>\n<\/tr>\n<tr>\n<td><span style=\"font-family: Verdana, Arial, Helvetica, sans-serif; font-size: small;\">Moi, je m&rsquo;en fous<br \/>\nJe suis Toulousain<br \/>\nLe Cassoulet, le Bouclier<br \/>\nle Cassoulet, on l&rsquo;a mang\u00e9<br \/>\nLe Bouclier, on va le gagner<br \/>\nLalalalala<br \/>\n<\/span><\/td>\n<td><\/td>\n<\/tr>\n<\/tbody>\n<\/table>\n","protected":false},"excerpt":{"rendered":"<p>&nbsp; Le plus simple Tou-lou-sains, Toulousains, Toulousains On l\u00e8ve les bras Tap tap tap-tap-tap tap-tap-tap-tap Toulouse L\u00e0 o\u00f9 on saute Qui ne saute pas n&rsquo;est pas Tou-lou-sain Le virage Quand [&hellip;]<\/p>\n","protected":false},"author":1,"featured_media":0,"parent":86,"menu_order":0,"comment_status":"closed","ping_status":"closed","template":"","meta":{"_acf_changed":false,"_crdt_document":"","jetpack_post_was_ever_published":false,"footnotes":""},"class_list":["post-90","page","type-page","status-publish","hentry"],"blocksy_meta":[],"acf":[],"jetpack_sharing_enabled":true,"jetpack_shortlink":"https:\/\/wp.me\/P8plgw-1s","_links":{"self":[{"href":"https:\/\/lehuit.com\/wp8\/wp-json\/wp\/v2\/pages\/90","targetHints":{"allow":["GET"]}}],"collection":[{"href":"https:\/\/lehuit.com\/wp8\/wp-json\/wp\/v2\/pages"}],"about":[{"href":"https:\/\/lehuit.com\/wp8\/wp-json\/wp\/v2\/types\/page"}],"author":[{"embeddable":true,"href":"https:\/\/lehuit.com\/wp8\/wp-json\/wp\/v2\/users\/1"}],"replies":[{"embeddable":true,"href":"https:\/\/lehuit.com\/wp8\/wp-json\/wp\/v2\/comments?post=90"}],"version-history":[{"count":6,"href":"https:\/\/lehuit.com\/wp8\/wp-json\/wp\/v2\/pages\/90\/revisions"}],"predecessor-version":[{"id":311,"href":"https:\/\/lehuit.com\/wp8\/wp-json\/wp\/v2\/pages\/90\/revisions\/311"}],"up":[{"embeddable":true,"href":"https:\/\/lehuit.com\/wp8\/wp-json\/wp\/v2\/pages\/86"}],"wp:attachment":[{"href":"https:\/\/lehuit.com\/wp8\/wp-json\/wp\/v2\/media?parent=90"}],"curies":[{"name":"wp","href":"https:\/\/api.w.org\/{rel}","templated":true}]}}